{"id":107,"date":"2021-04-26T12:20:48","date_gmt":"2021-04-26T12:20:48","guid":{"rendered":"https:\/\/wuegaki.ppls.ed.ac.uk\/mecore\/?page_id=107"},"modified":"2023-10-09T11:11:03","modified_gmt":"2023-10-09T11:11:03","slug":"meetings-workshops","status":"publish","type":"page","link":"https:\/\/wuegaki.ppls.ed.ac.uk\/mecore\/meetings-workshops\/","title":{"rendered":"Events"},"content":{"rendered":"\n<div class=\"wp-block-columns alignwide is-style-twentytwentyone-columns-overlap is-layout-flex wp-container-core-columns-is-layout-9d6595d7 wp-block-columns-is-layout-flex\">\n<div class=\"wp-block-column is-layout-flow wp-block-column-is-layout-flow\">\n<p><a href=\"https:\/\/wuegaki.ppls.ed.ac.uk\/mecore\/mecore-final-workshop\/\"><strong>MECORE Final workshop<\/strong>: 19-21 June, 2024, Konstanz<\/a><\/p>\n\n\n\n<p><strong><a rel=\"noreferrer noopener\" href=\"https:\/\/2023.esslli.eu\/courses-workshops-accepted\/course-information.html#1-1\" data-type=\"URL\" data-id=\"https:\/\/2023.esslli.eu\/courses-workshops-accepted\/course-information.html#1-1\" target=\"_blank\">ESSLLI Course &#8220;Semantic properties and combinatorial restrictions of attitude predicates&#8221;<\/a><\/strong> (instructors: Deniz \u00d6zy\u0131ld\u0131z &amp; Ciyang Qing), 34th European Summer School in Logic, Language and Information, July 31 to August 11, 2023, University of Ljubljana. [<a href=\"https:\/\/www.deniz.fr\/esslli\/\">course webpage<\/a>]<\/p>\n\n\n\n<p><strong>MECORE Konstanz meeting<\/strong>, 3-5 October, 2023, Konstanz<\/p>\n\n\n\n<p><strong>MECORE Edinburgh meeting<\/strong>, 22-24 March, 2023, Edinburgh<\/p>\n\n\n\n<p><a href=\"https:\/\/wuegaki.ppls.ed.ac.uk\/mecore\/mecore-kick-off-workshop\/\"><strong>MECORE Kickoff workshop<\/strong>: Approaches to the semantics of clause-embedding predicates: theories, cross-linguistic data, and experimentation, 21-23 October, 2021, Virtual<\/a><\/p>\n\n\n\n<p> <\/p>\n<\/div>\n<\/div>\n\n\n\n<figure class=\"wp-block-image size-large\"><img loading=\"lazy\" decoding=\"async\" width=\"1024\" height=\"768\" src=\"https:\/\/wuegaki.ppls.ed.ac.uk\/mecore\/wp-content\/uploads\/2023\/04\/2B09402A-150F-4699-BE9B-B2B77551DD21-1024x768.jpg\" alt=\"\" class=\"wp-image-320\" srcset=\"https:\/\/wuegaki.ppls.ed.ac.uk\/mecore\/wp-content\/uploads\/2023\/04\/2B09402A-150F-4699-BE9B-B2B77551DD21-1024x768.jpg 1024w, https:\/\/wuegaki.ppls.ed.ac.uk\/mecore\/wp-content\/uploads\/2023\/04\/2B09402A-150F-4699-BE9B-B2B77551DD21-300x225.jpg 300w, https:\/\/wuegaki.ppls.ed.ac.uk\/mecore\/wp-content\/uploads\/2023\/04\/2B09402A-150F-4699-BE9B-B2B77551DD21-768x576.jpg 768w, https:\/\/wuegaki.ppls.ed.ac.uk\/mecore\/wp-content\/uploads\/2023\/04\/2B09402A-150F-4699-BE9B-B2B77551DD21-1536x1152.jpg 1536w, https:\/\/wuegaki.ppls.ed.ac.uk\/mecore\/wp-content\/uploads\/2023\/04\/2B09402A-150F-4699-BE9B-B2B77551DD21-2048x1536.jpg 2048w, https:\/\/wuegaki.ppls.ed.ac.uk\/mecore\/wp-content\/uploads\/2023\/04\/2B09402A-150F-4699-BE9B-B2B77551DD21-1568x1176.jpg 1568w\" sizes=\"auto, (max-width: 1024px) 100vw, 1024px\" \/><figcaption class=\"wp-element-caption\">Members at the Edinburgh meeting, spring 2023<\/figcaption><\/figure>\n","protected":false},"excerpt":{"rendered":"<p>MECORE Final workshop: 19-21 June, 2024, Konstanz ESSLLI Course &#8220;Semantic properties and combinatorial restrictions of attitude predicates&#8221; (instructors: Deniz \u00d6zy\u0131ld\u0131z &amp; Ciyang Qing), 34th European Summer School in Logic, Language and Information, July 31 to August 11, 2023, University of Ljubljana. [course webpage] MECORE Konstanz meeting, 3-5 October, 2023, Konstanz MECORE Edinburgh meeting, 22-24 March,&hellip; <a class=\"more-link\" href=\"https:\/\/wuegaki.ppls.ed.ac.uk\/mecore\/meetings-workshops\/\">Continue reading <span class=\"screen-reader-text\">Events<\/span><\/a><\/p>\n","protected":false},"author":1,"featured_media":0,"parent":0,"menu_order":0,"comment_status":"closed","ping_status":"closed","template":"","meta":{"footnotes":""},"class_list":["post-107","page","type-page","status-publish","hentry","entry"],"_links":{"self":[{"href":"https:\/\/wuegaki.ppls.ed.ac.uk\/mecore\/wp-json\/wp\/v2\/pages\/107","targetHints":{"allow":["GET"]}}],"collection":[{"href":"https:\/\/wuegaki.ppls.ed.ac.uk\/mecore\/wp-json\/wp\/v2\/pages"}],"about":[{"href":"https:\/\/wuegaki.ppls.ed.ac.uk\/mecore\/wp-json\/wp\/v2\/types\/page"}],"author":[{"embeddable":true,"href":"https:\/\/wuegaki.ppls.ed.ac.uk\/mecore\/wp-json\/wp\/v2\/users\/1"}],"replies":[{"embeddable":true,"href":"https:\/\/wuegaki.ppls.ed.ac.uk\/mecore\/wp-json\/wp\/v2\/comments?post=107"}],"version-history":[{"count":20,"href":"https:\/\/wuegaki.ppls.ed.ac.uk\/mecore\/wp-json\/wp\/v2\/pages\/107\/revisions"}],"predecessor-version":[{"id":360,"href":"https:\/\/wuegaki.ppls.ed.ac.uk\/mecore\/wp-json\/wp\/v2\/pages\/107\/revisions\/360"}],"wp:attachment":[{"href":"https:\/\/wuegaki.ppls.ed.ac.uk\/mecore\/wp-json\/wp\/v2\/media?parent=107"}],"curies":[{"name":"wp","href":"https:\/\/api.w.org\/{rel}","templated":true}]}}