{"id":109,"date":"2021-04-26T14:19:56","date_gmt":"2021-04-26T14:19:56","guid":{"rendered":"https:\/\/wuegaki.ppls.ed.ac.uk\/mecore\/?page_id=109"},"modified":"2026-02-17T14:38:56","modified_gmt":"2026-02-17T14:38:56","slug":"works","status":"publish","type":"page","link":"https:\/\/wuegaki.ppls.ed.ac.uk\/mecore\/works\/","title":{"rendered":"Output"},"content":{"rendered":"\n<div class=\"wp-block-columns is-layout-flex wp-container-core-columns-is-layout-9d6595d7 wp-block-columns-is-layout-flex\">\n<div class=\"wp-block-column is-layout-flow wp-block-column-is-layout-flow\">\n<p>The following works have been published or in progress as part of the MECORE project and the preceding NWO-funded project &#8220;Searching for semantic universals in the modal and attitudinal domains&#8221;. <\/p>\n\n\n\n<p><strong>Datasets<\/strong><br>Please cite the associated paper, if you use a dataset.<\/p>\n\n\n\n<ul class=\"wp-block-list\">\n<li>Carslaw, Iona, Sivan Milton, Nicolas Navarre, <strong>Ciyang Qing<\/strong> &amp;&nbsp;<strong>Wataru Uegaki<\/strong>. to appear. Automatic extraction of clausal embedding based on large-scale English text data.&nbsp;<em>Proceedings of The Society for Computation in Linguistics<\/em>. [<a href=\"https:\/\/doi.org\/10.48550\/arXiv.2506.14064\" data-type=\"link\" data-id=\"https:\/\/doi.org\/10.48550\/arXiv.2506.14064\">paper<\/a>] [<a href=\"https:\/\/github.com\/navarrenicolas\/clause_parser\/\" data-type=\"link\" data-id=\"https:\/\/github.com\/navarrenicolas\/clause_parser\/\">code<\/a>] [<a href=\"https:\/\/huggingface.co\/datasets\/nnavarre\/Embedded_Clauses-dolma_v1_6-sample\" data-type=\"link\" data-id=\"https:\/\/huggingface.co\/datasets\/nnavarre\/Embedded_Clauses-dolma_v1_6-sample\">dataset<\/a>] <\/li>\n\n\n\n<li><strong>\u00d6zy\u0131ld\u0131z, Deniz<\/strong>, <strong>Ciyang Qing<\/strong>, <strong>Floris Roelofsen<\/strong>, <strong>Maribel Romero<\/strong> and&nbsp;<strong>Wataru Uegaki<\/strong>. 2023. A Crosslinguistic Database for Combinatorial and Semantic Properties of Attitude Predicates.&nbsp;<em>Proceedings of the SIGTYP Workshop at EACL 2023<\/em>. [<a href=\"https:\/\/sigtyp.github.io\/workshops\/2023\/sigtyp\/papers\/9_a_crosslinguistic_database_for.pdf\" data-type=\"link\" data-id=\"https:\/\/sigtyp.github.io\/workshops\/2023\/sigtyp\/papers\/9_a_crosslinguistic_database_for.pdf\">paper<\/a>] [<a href=\"https:\/\/doi.org\/10.7488\/ds\/7803\" data-type=\"link\" data-id=\"https:\/\/doi.org\/10.7488\/ds\/7803\">dataset<\/a>]<\/li>\n<\/ul>\n\n\n\n<p><strong>Articles, manuscripts<\/strong> <strong>and talks<\/strong><\/p>\n\n\n\n<ul class=\"wp-block-list\">\n<li><strong>Qing, Ciyang<\/strong>, <strong>Deniz \u00d6zy\u0131ld\u0131z<\/strong>, <strong>Maribel Romero<\/strong> and <strong>Wataru Uegaki<\/strong>. to appear. Wondering hopefully and fearfully: How do desires and inquisitive attitudes interact? In Proceedings of <em>Semantics and Linguistic Theory 35<\/em> [<a href=\"https:\/\/wuegaki.ppls.ed.ac.uk\/mecore\/wp-content\/uploads\/2026\/01\/qing-etal-2025.pdf\" data-type=\"attachment\" data-id=\"942\">paper<\/a>]. <\/li>\n\n\n\n<li><strong>\u00d6zy\u0131ld\u0131z, Deniz<\/strong> &amp; <strong>Wataru Uegaki<\/strong>. submitted. Clauses can be modifiers, or arguments: Evidence from alternations in factivity and answer-orientedness in Turkish and Japanese. [<a href=\"https:\/\/ling.auf.net\/lingbuzz\/008187\">draft<\/a>]<\/li>\n\n\n\n<li><strong>Qing, Ciyang<\/strong>, <strong>Deniz \u00d6zy\u0131ld\u0131z<\/strong>, <strong>Floris Roelofsen<\/strong>, <strong>Maribel Romero<\/strong> &amp; <strong>Wataru Uegaki<\/strong>. submitted. When can non-veridical preferential attitude predicates take questions? [<a href=\"https:\/\/ling.auf.net\/lingbuzz\/008113\">draft<\/a>]<\/li>\n\n\n\n<li><strong>\u00d6zy\u0131ld\u0131z, Deniz, Ciyang Qing, Floris Roelofsen<\/strong>,&nbsp;<strong>Wataru Uegaki<\/strong>, &amp; <strong>Maribel Romero<\/strong>. 2025. Operationalizing focus-sensitivity in a cross-linguistic context. Natural Language Semantics. [<a href=\"https:\/\/link.springer.com\/article\/10.1007\/s11050-025-09243-w\">paper<\/a>]<\/li>\n\n\n\n<li>Montero, Raquel, Leah Doroski and <strong>Maribel Romero<\/strong>. 2025. Spanish Neg-raising: Mood effects on NPI licensing. In Proceedings of <em>Sinn und Bedeutung 29<\/em> [<a href=\"https:\/\/ling.sprachwiss.uni-konstanz.de\/pages\/home\/romero\/papers\/Montero-Doroski-Romero-SuB29.pdf\">paper<\/a>].<\/li>\n\n\n\n<li><strong>Qing, Ciyang<\/strong>, <strong>Deniz \u00d6zy\u0131ld\u0131z<\/strong>, <strong>Floris Roelofsen<\/strong>, <strong>Maribel Romero<\/strong> &amp; <strong>Wataru Uegaki<\/strong>. 2025. How context and focus modulate form-meaning mismatches in speech reports. Proceedings of <em>WCCFL 41<\/em>. [<a href=\"http:\/\/www.lingref.com\/cpp\/wccfl\/41\/paper3783.pdf\" data-type=\"link\" data-id=\"http:\/\/www.lingref.com\/cpp\/wccfl\/41\/paper3783.pdf\">paper<\/a>]<\/li>\n\n\n\n<li><strong>Romero, Maribel<\/strong>. 2024. Mood across constructions: A unified approach. In Proceedings of <em>Semantics and Linguistic Theory 34<\/em>. [<a href=\"https:\/\/journals.linguisticsociety.org\/proceedings\/index.php\/SALT\/article\/view\/34.029\/5659\">paper<\/a>]<\/li>\n\n\n\n<li><strong>Romero, Maribel<\/strong>. 2024. On Conservativity and other Crosslinguistic Semantic Generalizations. Whatmough Lecture at Harvard University. [<a href=\"https:\/\/ling.sprachwiss.uni-konstanz.de\/pages\/home\/romero\/papers\/Romero-Harvard_Whatmough_Lecture_Final_PROJECT.pdf\">slides<\/a>]<\/li>\n\n\n\n<li><strong>\u00d6zy\u0131ld\u0131z, Deniz<\/strong> &amp; <strong>Wataru Uegaki<\/strong>. 2023. Two question-embedding strategies and answer-orientedenss. Proceedings of <em>Semantics and Linguistic Theory 33<\/em>. [<a href=\"https:\/\/doi.org\/10.3765\/1rcmh783\" data-type=\"link\" data-id=\"https:\/\/doi.org\/10.31234\/osf.io\/dbh4z\">paper<\/a>]<\/li>\n\n\n\n<li>Montero, Raquel &amp; <strong>Maribel Romero<\/strong>. 2023. Examining the meaning of polarity subjunctive. Proceedings of NELS 53. [<a href=\"https:\/\/wuegaki.ppls.ed.ac.uk\/mecore\/wp-content\/uploads\/2023\/12\/NELS53Paper-PolaritySubjuntive_Montero_and_Romero.pdf\">paper<\/a>]<\/li>\n\n\n\n<li><strong>Uegaki, Wataru<\/strong>. 2023. The&nbsp;<em>doubt-whether<\/em>&nbsp;puzzle. In \u0141ukasz J\u0119drzejowski and Carla Umbach, eds.&nbsp;<em>Non-interrogative subordinate wh-clauses<\/em>. OUP. [<a href=\"https:\/\/doi.org\/10.31234\/osf.io\/7ryzu\">Preprint DOI<\/a>]<\/li>\n\n\n\n<li>Jereti\u010d, Paloma &amp; <strong>Deniz \u00d6zy\u0131ld\u0131z<\/strong>. 2022. Why neg-raising requires stativity. In <em>Proceedings of the 23rd Amsterdam Colloquium<\/em>. [<a href=\"https:\/\/www.dropbox.com\/s\/cxmxkq5oxttb7pt\/Proceedings2022-pages-141-151.pdf?dl=0\">paper<\/a>]<\/li>\n\n\n\n<li><strong>Klochowicz, Tomasz<\/strong>. 2022. Investigating the properties of clause-embedding predicates in Polish. In <em>Proceedings of the 23rd Amsterdam Colloquium<\/em>. [<a href=\"https:\/\/www.dropbox.com\/s\/2gjezdy4c7p2ccn\/Proceedings2022-pages-173-179.pdf?dl=0\" data-type=\"URL\" data-id=\"https:\/\/www.dropbox.com\/s\/2gjezdy4c7p2ccn\/Proceedings2022-pages-173-179.pdf?dl=0\">paper<\/a>]<\/li>\n\n\n\n<li><strong>Uegaki, Wataru<\/strong>. 2022. Semantic approaches to clause-type selection. In Yoichi Miyamoto, Masatoshi Koizumi, Hajime Ono,\u3000Kazuko Yatsushiro and Uli Sauerland, eds.&nbsp;<em>Key Concepts in Experimental Pragmatics<\/em>. Kaiyaku-sya.<\/li>\n\n\n\n<li>Madonado, Mora, Jennifer Culbertson, &amp;&nbsp;<strong>Wataru Uegaki<\/strong>, 2022. Learnability and constraints on the semantics of clause-embedding predicates.&nbsp;<em>Proceedings of Cognitive Science Society annual meeting (CogSci) 2022<\/em>. [<a href=\"https:\/\/doi.org\/10.31234\/osf.io\/zst5y\">Preprint DOI<\/a>]<\/li>\n\n\n\n<li><strong>\u00d6zy\u0131ld\u0131z, Deniz<\/strong>, <strong>Ciyang Qing<\/strong>, <strong>Floris Roelofsen<\/strong>, <strong>Maribel Romero<\/strong>, &amp; <strong>Wataru Uegaki<\/strong>. 2022. Cross-linguistic patterns in the selectional restrictions of preferential predicates. GLOW 45 workshop on typological generalizations and semantic theory, QMUL.<\/li>\n\n\n\n<li><strong>Roelofsen, Floris<\/strong> &amp; <strong>Wataru Uegaki<\/strong>. 2020. Searching for a universal constraint on the possible denotations of clause-embedding predicates. <em>Proceedings of SALT<\/em> <em>30<\/em>. pp. 542\u2013561. <a href=\"https:\/\/doi.org\/10.3765\/salt.v30i0.4834\">https:\/\/doi.org\/10.3765\/salt.v30i0.4834<\/a><\/li>\n<\/ul>\n\n\n\n<p><strong>Journal special issue<\/strong><\/p>\n\n\n\n<ul class=\"wp-block-list\">\n<li><a href=\"https:\/\/www.glossa-journal.org\/collections\/545\/\" data-type=\"URL\" data-id=\"https:\/\/www.glossa-journal.org\/collections\/545\/\">Glossa Special collection &#8220;Meaning-driven selectional restrictions in the domain of clause embedding&#8221; editorial process in progress. <\/a><\/li>\n<\/ul>\n\n\n\n<p><strong>Questionnaire<\/strong><\/p>\n\n\n\n<ul class=\"wp-block-list\">\n<li>MECORE team. 2022. Questionnaire on clause-embedding predicates. [<a href=\"https:\/\/osf.io\/vd8mg\/\" data-type=\"URL\" data-id=\"https:\/\/osf.io\/vd8mg\/\">OSF repository<\/a>]<\/li>\n<\/ul>\n\n\n\n<p><strong>Theses<\/strong><\/p>\n\n\n\n<ul class=\"wp-block-list\">\n<li><strong>Bonnaud, M\u00e9line<\/strong>. 2024. Was hoffen bedeutet: die Bedeutung eines Verbs der propositionalen Einstellung \/ What it means to hope: the meaning of an attitude verb. BA thesis, University of Konstanz.<\/li>\n\n\n\n<li><strong>Bagchi, Aayush<\/strong>. 2023. Anti-rogativity under the existential semantics for attitude predicates. Undergraduate honours thesis, PPLS, University of Edinburgh.<\/li>\n\n\n\n<li><strong>Doroski, Leah<\/strong>. 2023. Neg-raising: intensity of the attitude report. MA thesis. University of Konstanz.<\/li>\n\n\n\n<li><strong>Bian, Mingyang<\/strong>. 2022. A Commitment-based Analysis of \u2018Believe\u2019 as an Implicature Trigger. MSc thesis, PPLS, University of Edinburgh.<\/li>\n\n\n\n<li><strong>Klochowicz, Tomasz<\/strong>. 2022. Investigating semantic and selectional properties of clause-embedding predicates in Polish. MSc thesis, ILLC, University of Amsterdam.<\/li>\n\n\n\n<li><strong>Naehrlich, Flavia<\/strong>. 2022. Semantic and selectional properties of clause-embedding predicates in German. MSc thesis, ILLC, University of Amsterdam. <\/li>\n\n\n\n<li><strong>Di, Bao<\/strong>. 2021. The *<em>hope-wh<\/em> puzzle revisited: the anti-rogativity of non-veridical predicates in Mandarin Chinese. MSc thesis, PPLS, University of Edinburgh.<\/li>\n\n\n\n<li><strong>Huang, Yunchong<\/strong>. 2020. What does \u6000\u7591 (<em>huaiyi<\/em>) mean?: An investigation into the semantics of the dubitative verb in Mandarin Chinese. MSc thesis, PPLS, University of Edinburgh.<br><\/li>\n<\/ul>\n<\/div>\n<\/div>\n\n\n\n<p><\/p>\n","protected":false},"excerpt":{"rendered":"<p>The following works have been published or in progress as part of the MECORE project and the preceding NWO-funded project &#8220;Searching for semantic universals in the modal and attitudinal domains&#8221;. DatasetsPlease cite the associated paper, if you use a dataset. Articles, manuscripts and talks Journal special issue Questionnaire Theses<\/p>\n","protected":false},"author":1,"featured_media":0,"parent":0,"menu_order":0,"comment_status":"closed","ping_status":"closed","template":"","meta":{"footnotes":""},"class_list":["post-109","page","type-page","status-publish","hentry","entry"],"_links":{"self":[{"href":"https:\/\/wuegaki.ppls.ed.ac.uk\/mecore\/wp-json\/wp\/v2\/pages\/109","targetHints":{"allow":["GET"]}}],"collection":[{"href":"https:\/\/wuegaki.ppls.ed.ac.uk\/mecore\/wp-json\/wp\/v2\/pages"}],"about":[{"href":"https:\/\/wuegaki.ppls.ed.ac.uk\/mecore\/wp-json\/wp\/v2\/types\/page"}],"author":[{"embeddable":true,"href":"https:\/\/wuegaki.ppls.ed.ac.uk\/mecore\/wp-json\/wp\/v2\/users\/1"}],"replies":[{"embeddable":true,"href":"https:\/\/wuegaki.ppls.ed.ac.uk\/mecore\/wp-json\/wp\/v2\/comments?post=109"}],"version-history":[{"count":52,"href":"https:\/\/wuegaki.ppls.ed.ac.uk\/mecore\/wp-json\/wp\/v2\/pages\/109\/revisions"}],"predecessor-version":[{"id":948,"href":"https:\/\/wuegaki.ppls.ed.ac.uk\/mecore\/wp-json\/wp\/v2\/pages\/109\/revisions\/948"}],"wp:attachment":[{"href":"https:\/\/wuegaki.ppls.ed.ac.uk\/mecore\/wp-json\/wp\/v2\/media?parent=109"}],"curies":[{"name":"wp","href":"https:\/\/api.w.org\/{rel}","templated":true}]}}