{"id":483,"date":"2024-06-06T13:36:48","date_gmt":"2024-06-06T13:36:48","guid":{"rendered":"https:\/\/wuegaki.ppls.ed.ac.uk\/mecore\/?page_id=483"},"modified":"2024-06-21T16:16:51","modified_gmt":"2024-06-21T16:16:51","slug":"program","status":"publish","type":"page","link":"https:\/\/wuegaki.ppls.ed.ac.uk\/mecore\/program\/","title":{"rendered":"Program"},"content":{"rendered":"\n<h3 class=\"wp-block-heading alignwide has-text-align-left\">Wednesday, 19th of June, K503<\/h3>\n\n\n\n<figure class=\"wp-block-table alignwide  is-style-stripes\">\n\n<table><tbody>\n<tr><td width=\"15%\">9:00\u20139:15<\/td><td class=\"has-text-align-left\" data-align=\"left\" colspan=\"2\">Welcome remarks<\/td><\/tr>\n\n<tr><td class=\"has-text-align-center\" data-align=\"center\" colspan=\"3\" ><strong>Chair:<\/strong> Floris Roelofsen<\/td><\/tr>\n\n<tr style=\"height: 0px !important;\"><td style=\"padding: 0 !important\" colspan=\"3\"> <\/td><\/tr>\n\n<tr><td>9:15\u201310:15<\/td><td><strong>Kajsa Dj\u00e4rv <\/strong> (Edinburgh)<br><em>invited speaker<\/em><\/td><td class=\"has-text-align-left\" data-align=\"left\" width=\"50%\"><a href=\"https:\/\/drive.google.com\/file\/d\/1D7qeVBdy6XdTnfDH-r5m_ePeKtSbHgSW\/view?usp=drive_link\" target=\"_blank\" rel=\"noopener\">Selectional restrictions of clause-taking emotive predicates across lexical categories<\/a><\/td><\/tr>\n\n<tr style=\"height: 2px !important;\"><td style=\"padding: 0 !important\" colspan=\"3\"> <\/td><\/tr>\n\n<tr><td>10:15\u201310:45<\/td><td><strong>Tom Roberts<\/strong> (Utrecht)<br><strong>Kelsey Sasaki<\/strong> (Oxford)<\/td><td class=\"has-text-align-left\" data-align=\"left\"><a href=\"https:\/\/drive.google.com\/file\/d\/11KoZqLlOBWKOX_Eu84uq3DL8Y2pNgszI\/view?usp=drive_link\" target=\"_blank\" rel=\"noopener\">Oh, what predicates embed exclamatives!<\/a><\/td><\/tr>\n\n<tr><td>10:45\u201311:00<\/td><td colspan=\"2\">Coffee<\/td><\/tr>\n\n<tr><td colspan=\"3\" class=\"has-text-align-center\" data-align=\"center\" ><strong>Chair: <\/strong>Tom Roberts<\/td><\/tr>\n\n<tr style=\"height: 0px !important;\"><td style=\"padding: 0 !important\" colspan=\"3\"> <\/td><\/tr>\n\n<tr><td>11:00\u201311:30<\/td><td><strong>Xinran Yan<\/strong> (Leipzig)<\/td><td class=\"has-text-align-left\" data-align=\"left\"><a href=\"https:\/\/drive.google.com\/file\/d\/1fyzpm8E4Ond5KPY2-cPNYnvAldmjOqLA\/view\" target=\"_blank\" rel=\"noopener\">\u2018Think\u2019 or \u2018Want\u2019: How hierarchical factors influence the interpretation<\/a><\/td><\/tr>\n\n<tr style=\"height: 2px !important;\"><td style=\"padding: 0 !important\" colspan=\"3\"> <\/td><\/tr>\n\n<tr ><td>11:30\u201312:00 <\/td><td><strong>Emil Eva Rosina<\/strong> (Bochum)<br><strong>Kristina Liefke<\/strong> (Bochum)<\/td><td class=\"has-text-align-left\" data-align=\"left\"><a href=\"https:\/\/drive.google.com\/file\/d\/1WAsUUFuqQvHO5DRj5fJhP6Fmi9k3-Q8g\/view?usp=drive_link\" target=\"_blank\" rel=\"noopener\">German <em>noch wissen<\/em>: uniform semantics, distinct effects<\/a><\/td><\/tr>\n\n<tr><td>12:00\u201313:30<\/td><td class=\"has-text-align-left\" data-align=\"left\" colspan=\"2\">Lunch<\/td><\/tr>\n\n<tr><td class=\"has-text-align-center\" data-align=\"center\" colspan=\"3\" ><strong>Chair:<\/strong> Elena Herburger<\/td><\/tr>\n\n<tr style=\"height: 0px !important;\"><td style=\"padding: 0 !important\" colspan=\"3\"> <\/td><\/tr>\n\n<tr><td>13:30\u201314:00<\/td><td><strong>Natasha Korotkova<\/strong> (Utrecht)<br><strong>Pranav Anand<\/strong> (UCSC)<\/td><td class=\"has-text-align-left\" data-align=\"left\"><a href=\"https:\/\/drive.google.com\/file\/d\/1FnSGNU2xyF9gpWAiUVVzbRusMecr7VVS\/view?usp=drive_link\" target=\"_blank\" rel=\"noopener\">Today I learned: English \u2018coming-to-know\u2019 predicates<\/a> <a href=\"https:\/\/drive.google.com\/file\/d\/1c-rj35Q_hMvzZw0Al0O6vmmi78NdhSXT\/view?usp=drive_link\" target=\"_blank\" rel=\"noopener\">[short handout]<\/a><\/td><\/tr>\n\n<tr style=\"height: 2px !important;\"><td style=\"padding: 0 !important\" colspan=\"3\"> <\/td><\/tr>\n\n<tr><td>14:00\u201314:30<\/td><td><strong>Andrea Matticchio<\/strong> (UMass)<\/td><td class=\"has-text-align-left\" data-align=\"left\"><a href=\"https:\/\/drive.google.com\/file\/d\/1piuYU_MG5fO8BxwBuB8uto3AuPKbYXQW\/view?usp=drive_link\" target=\"_blank\" rel=\"noopener\">A strong semantics for <em>doubt<\/em><\/a><\/td><\/tr>\n\n<tr><td>14:30\u201315:00<\/td><td class=\"has-text-align-left\" data-align=\"left\" colspan=\"2\">Coffee<\/td><\/tr>\n\n<tr><td colspan=\"3\" class=\"has-text-align-center\" data-align=\"center\" ><strong>Chair: <\/strong>Jeanne Lecavelier<\/td><\/tr>\n\n<tr style=\"height: 0px !important;\"><td style=\"padding: 0 !important\" colspan=\"3\"> <\/td><\/tr>\n\n<tr><td>15:00\u201315:30<\/td><td><strong>Ciyang Qing<\/strong> (Edinburgh)<br><strong>Deniz \u00d6zy\u0131ld\u0131z<\/strong> (Konstanz)<br><strong>Floris Roelofsen<\/strong> (Amsterdam)<br><strong>Maribel Romero<\/strong> (Konstanz)<br><strong>Wataru Uegaki <\/strong>(Edinburgh)<\/td><td class=\"has-text-align-left\" data-align=\"left\"><a href=\"https:\/\/drive.google.com\/file\/d\/1h_ihrBkItiNjvxfm33tqYj9s1MDBZndL\/view?usp=drive_link\" target=\"_blank\" rel=\"noopener\">When can non-veridical preferential attitude predicates take questions?<\/a><\/td><\/tr>\n\n<tr style=\"height: 2px !important;\"><td style=\"padding: 0 !important\" colspan=\"3\"> <\/td><\/tr>\n\n<tr><td>15:30\u201316:00<\/td><td><strong>George Walkden<\/strong> (Konstanz)<\/td><td class=\"has-text-align-left\" data-align=\"left\"><a href=\"https:\/\/drive.google.com\/file\/d\/1smBv9yE7LR5onrpqehrQ75VwyWzWQINX\/view?usp=drive_link\" target=\"_blank\" rel=\"noopener\">Embedding English interrogatives: <em>if <\/em>vs. <em>whether<\/em><\/a><\/td><\/tr>\n\n<tr><td>16:00\u201316:15<\/td><td class=\"has-text-align-left\" data-align=\"left\" colspan=\"2\">Coffee<\/td><\/tr>\n\n<tr><td colspan=\"3\" class=\"has-text-align-center\" data-align=\"center\" ><strong>Chair: <\/strong>Ciyang Qing<\/td><\/tr>\n\n<tr style=\"height: 0px !important;\"><td style=\"padding: 0 !important\" colspan=\"3\"> <\/td><\/tr>\n\n<tr><td>16:15\u201317:15<\/td><td><strong>Tanya Bondarenko<\/strong> (Harvard)<br><em>invited speaker, online<\/em><\/td><td class=\"has-text-align-left\" data-align=\"left\"><a href=\"https:\/\/drive.google.com\/file\/d\/171BNDbPF2Fdve4-SCNOx-1fANIEmBVWU\/view?usp=drive_link\" target=\"_blank\" rel=\"noopener\">Thinking Questions and Answers to Questions: a view from Georgian<\/a><\/td><\/tr>\t\n\n<tr style=\"height: 2px !important;\"><td style=\"padding: 0 !important\" colspan=\"3\"> <\/td><\/tr>\n\n<tr><td>17:15\u201317:45<\/td><td><strong>Huilei Wang<\/strong> (UCLA) <br> <em>online<\/em><\/td><td class=\"has-text-align-left\" data-align=\"left\"><a href=\"https:\/\/drive.google.com\/file\/d\/1K4Gf1NBMNfLw4nDUWPXOePJBdpLgyoIx\/view?usp=drive_link\" target=\"_blank\" rel=\"noopener\">The non-uniformity of <em>that<\/em>-CPs<\/a><\/td><\/tr>\t\n\n<tr style=\"height: 2px !important;\"><td style=\"padding: 0 !important\" colspan=\"3\"> <\/td><\/tr>\n\n<\/tbody><\/table><\/figure>\n\n\n\n<h3 class=\"wp-block-heading alignwide has-text-align-left\">Thursday, 20th of June, M630<\/h3>\n\n\n\n<figure class=\"wp-block-table alignwide is-style-stripes\"><table><tbody>\n\n<tr style=\"height: 2px !important;\"><td style=\"padding: 0 !important\" colspan=\"3\"> <\/td><\/tr>\n\n<tr><td class=\"has-text-align-center\" data-align=\"center\" colspan=\"3\" ><strong>Chair:<\/strong> Mora Maldonado<\/td><\/tr>\n\n<tr style=\"height: 0px !important\"><td style=\"padding: 0 !important\" colspan=\"3\"> <\/td><\/tr>\n\n<tr><td width=\"15%\">9:00\u20139:30<\/td><td class=\"has-text-align-left\" data-align=\"left\"><strong>Deniz \u00d6zy\u0131ld\u0131z <\/strong>(Konstanz)<br><strong>Ciyang Qing<\/strong> (Edinburgh)<br><strong>Floris Roelofsen <\/strong>(Amsterdam)<br><strong>Maribel Romero<\/strong> (Konstanz)<br><strong>Wataru Uegaki <\/strong>(Edinburgh)<\/td><td width=\"50%\"><a href=\"https:\/\/drive.google.com\/file\/d\/1-EsERVcrt7zIq7mhEUv0gF8sWImffBVE\/view?usp=drive_link\" target=\"_blank\" rel=\"noopener\">The MECORE database<\/a><\/td><\/tr>\t\n\n<tr style=\"height: 2px !important\"><td style=\"padding: 0 !important\" colspan=\"3\"> <\/td><\/tr>\n\n<tr><td>9:30\u201310:00<\/td><td class=\"has-text-align-left\" data-align=\"left\"><strong>Tomasz K\u0142ochowicz <\/strong>(Amsterdam)<\/td><td><a href=\"https:\/\/drive.google.com\/file\/d\/1mBE7g4N8FznGiE_mFM-FhL_lI-bLmA0F\/view?usp=drive_link\" target=\"_blank\" rel=\"noopener\">Computational tools for the MECORE database<\/a><\/td><\/tr>\t\n\n<tr><td>10:00\u201310:15<\/td><td class=\"has-text-align-left\" data-align=\"left\" colspan=\"2\">Coffee<\/td><\/tr>\n\n<tr><td class=\"has-text-align-center\" data-align=\"center\" colspan=\"3\" ><strong>Chair:<\/strong> Natasha Korotkova<\/td><\/tr>\n\n<tr style=\"height: 0px !important\"><td style=\"padding: 0 !important\" colspan=\"3\"> <\/td><\/tr>\n\n<tr><td>10:15\u201310:45<\/td><td class=\"has-text-align-left\" data-align=\"left\"><strong>Raquel Montero <\/strong>(Konstanz)<br><strong>Leah Doroski <\/strong>(Konstanz)<br><strong>Maribel Romero<\/strong> (Konstanz)<\/td><td><a href=\"https:\/\/drive.google.com\/file\/d\/1Nm9i7Z5HYAOLZb09-8lfjMrTNhNnKKhv\/view?usp=drive_link\" target=\"_blank\" rel=\"noopener\">Spanish Neg-raising: Mood effects on NPI licensing<\/a><\/td><\/tr>\t\n\n<tr style=\"height: 2px !important\"><td style=\"padding: 0 !important\" colspan=\"3\"> <\/td><\/tr>\n\n<tr><td>10:45\u201311:15<\/td><td class=\"has-text-align-left\" data-align=\"left\"><strong>Fiona Spencer <\/strong>(Amsterdam)<br><strong>Maria Aloni <\/strong>(Amsterdam)<br><strong>Tom Roberts<\/strong> (Utrecht)<\/td><td><a href=\"https:\/\/drive.google.com\/file\/d\/1US715nGEKcfmvw0jG4fwOs3AC3m141nu\/view?usp=drive_link\" target=\"_blank\" rel=\"noopener\">Wondering about Mood in Romance: the view<br>from Italian inquisitive predicates<\/a><\/td><\/tr>\t\n\n<tr style=\"height: 2px !important\"><td style=\"padding: 0 !important\" colspan=\"3\"> <\/td><\/tr>\n\n<tr><td>11:15\u201311:45<\/td><td class=\"has-text-align-left\" data-align=\"left\"><strong>Luis Alonso-Ovalle <\/strong>(McGill)<br><strong>Paula Menendez-Benito<\/strong> (T\u00fcbingen)<br><strong>Aynat Rubinstein<\/strong> (HUJI)<\/td><td><a href=\"https:\/\/drive.google.com\/file\/d\/1mt-DKD4Y0C4ei7k1AYTdzUa_mRe1vT_n\/view?usp=drive_link\" target=\"_blank\" rel=\"noopener\">Mood and modal anchoring: divergence of RCs<br>and <em>that-<\/em>clauses in Spanish<\/a><\/td><\/tr>\t\n\n<tr><td>11:45\u201312:00<\/td><td class=\"has-text-align-left\" data-align=\"left\" colspan=\"2\">Coffee<\/td><\/tr>\n\n<tr><td class=\"has-text-align-center\" data-align=\"center\" colspan=\"3\" ><strong>Chair: <\/strong>Maribel Romero<\/td><\/tr>\n\n<tr style=\"height: 0px !important\"><td style=\"padding: 0 !important\" colspan=\"3\"> <\/td><\/tr>\n\n<tr><td>12:00\u201313:00<\/td><td class=\"has-text-align-left\" data-align=\"left\"><strong>Paul Portner <\/strong>(Georgetown)<br><em>invited speaker<\/em><\/td><td><a href=\"https:\/\/drive.google.com\/file\/d\/16uq3Nr4R6Sykg1IpbYajjjBZMiYBafYp\/view?usp=drive_link\" target=\"_blank\" rel=\"noopener\">Two approaches to mood: Operator or agreement?<\/a><\/td><\/tr>\t\n\n<tr><td>13:00\u201314:30<\/td><td class=\"has-text-align-left\" data-align=\"left\" colspan=\"2\">Lunch<\/td><\/tr>\n\n<tr><td class=\"has-text-align-center\" data-align=\"center\" colspan=\"3\" ><strong>Chair:<\/strong> Wataru Uegaki <\/td><\/tr>\n\n<tr style=\"height: 0px !important\"><td style=\"padding: 0 !important\" colspan=\"3\"> <\/td><\/tr>\n\n<tr><td>14:30\u201315:30<\/td><td class=\"has-text-align-left\" data-align=\"left\"><strong>Mora Maldonado<\/strong> (Nantes)<br><em>invited speaker<\/em><\/td><td><a href=\"https:\/\/drive.google.com\/file\/d\/1liafTEjLPmEWu0RkPJRdfJ5r2xPmyqr0\/view?usp=drive_link\" target=\"_blank\" rel=\"noopener\">Constraints on modals and clausal embedding<br>predicates: an experimental investigation<\/a><\/td><\/tr>\t\n\n\n\n<tr><td>15:30\u201317:30<\/td><td class=\"has-text-align-left\" data-align=\"left\" colspan=\"2\">Lightning talks &amp; poster session <\/td><\/tr>\n\n<tr><td class=\"has-text-align-center\" data-align=\"center\" colspan=\"3\" ><strong>Chair: <\/strong>Deniz \u00d6zy\u0131ld\u0131z<\/td><\/tr>\n\n<tr style=\"height: 0px !important\"><td style=\"padding: 0 !important\" colspan=\"3\"> <\/td><\/tr>\n\n<tr><td><\/td><td class=\"has-text-align-left\" data-align=\"left\"><strong>Andr\u00e9 Meinunger<\/strong> (ZAS)<br><strong>Karolina Zuchewicz<\/strong> (Leipzig)<br><em>online<\/em><\/td><td>(Non-)Factive Factive and Clausal Embedding in<br>German and Polish<\/td><\/tr>\n\n<tr style=\"height: 2px !important\"><td style=\"padding: 0 !important\" colspan=\"3\"> <\/td><\/tr>\n\n<tr><td><\/td><td class=\"has-text-align-left\" data-align=\"left\"><strong>Marie-Luise Popp <\/strong>(Leipzig)<br><em>online<\/em><\/td><td><a href=\"https:\/\/drive.google.com\/file\/d\/1Gb5uJtWERbOwOPhLiSB-wrR3DNkEr0mw\/view?usp=drive_link\" target=\"_blank\" rel=\"noopener\">The <em>hope\/expect<\/em> polysemy under Neg-Raising<\/a><\/td><\/tr>\t\n\n<tr style=\"height: 2px !important\"><td style=\"padding: 0 !important\" colspan=\"3\"> <\/td><\/tr>\n\n<tr><td><\/td><td class=\"has-text-align-left\" data-align=\"left\"><strong>Manfred Sailer <\/strong>(Frankfurt)<br><em>online<\/em><\/td><td><a href=\"https:\/\/drive.google.com\/file\/d\/1aC8T3mNz3mmN-dTMj2v1fqd9vYypPZf5\/view?usp=drive_link\" target=\"_blank\" rel=\"noopener\">Negation-transparent matrix predicates: Licensing<br>of embedded NPIs<\/a><\/td><\/tr>\t\n\n<tr style=\"height: 2px !important\"><td style=\"padding: 0 !important\" colspan=\"3\"> <\/td><\/tr>\n\n<tr><td><\/td><td class=\"has-text-align-left\" data-align=\"left\"><strong>Giuliano Armenante<\/strong> (Potsdam)<\/td><td>Constraints on the temporal interpretation of<br>complement clauses: The case of Asante Twi<\/td><\/tr>\n\n<tr style=\"height: 2px !important\"><td style=\"padding: 0 !important\" colspan=\"3\"> <\/td><\/tr>\n\n<tr><td><\/td><td class=\"has-text-align-left\" data-align=\"left\"><strong>Herald Di <\/strong>(Saarland)<\/td><td>Revisiting the selectional restrictions of preferential predicates<\/td><\/tr>\n\n<tr style=\"height: 2px !important\"><td style=\"padding: 0 !important\" colspan=\"3\"> <\/td><\/tr>\n\n<tr><td><\/td><td class=\"has-text-align-left\" data-align=\"left\"><strong>Val\u00e9rie Jefcott<\/strong> (Leipzig)<br><strong>Wenjiu Du<\/strong> (Leipzig)<\/td><td><a href=\"https:\/\/drive.google.com\/file\/d\/1BToHzniSTIf_Df_xJWPioaI1IcAMro1n\/view?usp=drive_link\" target=\"_blank\" rel=\"noopener\">To want or to demand: A polysemous clause-<br>embedding verb in Zhuang<\/a><\/td><\/tr>\t\n\n<tr style=\"height: 2px !important\"><td style=\"padding: 0 !important\" colspan=\"3\"> <\/td><\/tr>\n\n<tr><td><\/td><td class=\"has-text-align-left\" data-align=\"left\"><strong>Barbara Stiebels <\/strong>(Leipzig)<\/td><td><a href=\"https:\/\/drive.google.com\/file\/d\/1qVNPxq9idN1a1k15n2CK-kfDkAmYsDr2\/view?usp=drive_link\" target=\"_blank\" rel=\"noopener\">The role of German preverbs in clausal selection<\/a><\/td><\/tr>\t\n\n<tr><td>19:00\u2013<\/td><td class=\"has-text-align-left\" data-align=\"left\" colspan=\"2\">Dinner @ Constanzer Wirtshaus<\/td><\/tr><\/tbody><\/table><\/figure>\n\n\n\n<h3 class=\"wp-block-heading alignwide has-text-align-left\">Friday, 21st of June, G307<\/h3>\n\n\n\n<figure class=\"wp-block-table alignwide is-style-stripes\"><table><tbody>\n\n<tr style=\"height: 2px !important;\"><td style=\"padding: 0 !important\" colspan=\"3\"> <\/td><\/tr>\n\n<tr><td class=\"has-text-align-center\" data-align=\"center\" colspan=\"3\" ><strong>Chair:<\/strong> Deniz \u00d6zy\u0131ld\u0131z<\/td><\/tr>\n\n<tr style=\"height: 0px !important;\"><td style=\"padding: 0 !important\" colspan=\"3\"> <\/td><\/tr>\n\n<tr><td width=\"15%\">9:30\u201310:30<\/td><td class=\"has-text-align-left\" data-align=\"left\"><strong>Jeanne Lecavelier<\/strong> (Potsdam) <br><strong>Malte Zimmermann <\/strong>(Potsdam) <br><em>invited speakers<\/em><\/td><td width=\"50%\"><a href=\"https:\/\/drive.google.com\/file\/d\/1FNzACOejBuau_5ko-MFd6bqwIC3RXoLH\/view?usp=drive_link\" target=\"_blank\" rel=\"noopener\">Embedding questions in a language without <em>wh-<\/em>embedding<\/a><\/td><\/tr>\t\n\n<tr><td>10:30\u201310:45<\/td><td class=\"has-text-align-left\" data-align=\"left\" colspan=\"2\">Coffee<\/td><\/tr>\n\n<tr><td class=\"has-text-align-center\" data-align=\"center\" colspan=\"3\" ><strong>Chair:<\/strong> Paul Portner<\/td><\/tr>\n\n<tr style=\"height: 0px !important;\"><td style=\"padding: 0 !important\" colspan=\"3\"> <\/td><\/tr>\n\n<tr><td>10:45\u201311:15<\/td><td class=\"has-text-align-left\" data-align=\"left\"><strong>David Strohmaier <\/strong>(Cambridge)<br><strong>Simon Wimmer <\/strong>(Dusseldorf)<\/td><td><a href=\"https:\/\/drive.google.com\/file\/d\/1e7YD9cJy4fKDjBM7uMWDEDKkEK10Cs9J\/view?usp=drive_link\" target=\"_blank\" rel=\"noopener\">Contrafactives, learnability, and production<\/a><\/td><\/tr>\t\n\n<tr style=\"height: 2px !important;\"><td style=\"padding: 0 !important\" colspan=\"3\"> <\/td><\/tr>\n\n<tr><td>11:15\u201311:45<\/td><td class=\"has-text-align-left\" data-align=\"left\"><strong>Patrick Elliott<\/strong> (D\u00fcsseldorf) <br><strong>Filipe Hisao Kobayashi<\/strong> (UPenn)<\/td><td><a href=\"https:\/\/drive.google.com\/file\/d\/1yK76ZL-6FtX38ImgnB4LAPjGKjW7d8Ur\/view?usp=drive_link\" target=\"_blank\" rel=\"noopener\">Nominal Free Choice<\/a><\/td><\/tr>\t\n\n<tr><td>11:45\u201312:00<\/td><td class=\"has-text-align-left\" data-align=\"left\" colspan=\"2\">Coffee<\/td><\/tr>\n\n<tr><td class=\"has-text-align-center\" data-align=\"center\" colspan=\"3\" ><strong>Chair:<\/strong> Kajsa Dj\u00e4rv<\/td><\/tr>\n\n<tr style=\"height: 0px !important;\"><td style=\"padding: 0 !important\" colspan=\"3\"> <\/td><\/tr>\n\n<tr><td>12:00\u201312:30<\/td><td class=\"has-text-align-left\" data-align=\"left\"><strong>Manfred Krifka <\/strong>(ZAS)<\/td><td><a href=\"https:\/\/drive.google.com\/file\/d\/1E6uFF_0-Gb9xjTuoGjz3Ft1bWVzKNJEz\/view?usp=drive_link\" target=\"_blank\" rel=\"noopener\">Slifting predicates in German take their prejacents as<br>arguments<\/a><\/td><\/tr>\t\n\n<tr style=\"height: 2px !important;\"><td style=\"padding: 0 !important\" colspan=\"3\"> <\/td><\/tr>\n\n<tr><td>12:30\u201313:00<\/td><td class=\"has-text-align-left\" data-align=\"left\"><strong>Ciyang Qing <\/strong>(Edinburgh)<br><strong>Wataru Uegaki <\/strong>(Edinburgh)<\/td><td><a href=\"https:\/\/drive.google.com\/file\/d\/1eBsJdxjMz0GVdqEZbRwfycaHhLp6t7Ze\/view?usp=drive_link\" target=\"_blank\" rel=\"noopener\">Semantic triviality leads to ungrammaticality through<br>iterated learning<\/a><\/td><\/tr>\t\n\n<\/tbody><\/table><\/figure>\n","protected":false},"excerpt":{"rendered":"<p>Wednesday, 19th of June, K503 9:00\u20139:15 Welcome remarks Chair: Floris Roelofsen 9:15\u201310:15 Kajsa Dj\u00e4rv (Edinburgh)invited speaker Selectional restrictions of clause-taking emotive predicates across lexical categories 10:15\u201310:45 Tom Roberts (Utrecht)Kelsey Sasaki (Oxford) Oh, what predicates embed exclamatives! 10:45\u201311:00 Coffee Chair: Tom Roberts 11:00\u201311:30 Xinran Yan (Leipzig) \u2018Think\u2019 or \u2018Want\u2019: How hierarchical factors influence the interpretation 11:30\u201312:00&hellip; <a class=\"more-link\" href=\"https:\/\/wuegaki.ppls.ed.ac.uk\/mecore\/program\/\">Continue reading <span class=\"screen-reader-text\">Program<\/span><\/a><\/p>\n","protected":false},"author":2,"featured_media":0,"parent":0,"menu_order":0,"comment_status":"closed","ping_status":"closed","template":"","meta":{"footnotes":""},"class_list":["post-483","page","type-page","status-publish","hentry","entry"],"_links":{"self":[{"href":"https:\/\/wuegaki.ppls.ed.ac.uk\/mecore\/wp-json\/wp\/v2\/pages\/483","targetHints":{"allow":["GET"]}}],"collection":[{"href":"https:\/\/wuegaki.ppls.ed.ac.uk\/mecore\/wp-json\/wp\/v2\/pages"}],"about":[{"href":"https:\/\/wuegaki.ppls.ed.ac.uk\/mecore\/wp-json\/wp\/v2\/types\/page"}],"author":[{"embeddable":true,"href":"https:\/\/wuegaki.ppls.ed.ac.uk\/mecore\/wp-json\/wp\/v2\/users\/2"}],"replies":[{"embeddable":true,"href":"https:\/\/wuegaki.ppls.ed.ac.uk\/mecore\/wp-json\/wp\/v2\/comments?post=483"}],"version-history":[{"count":357,"href":"https:\/\/wuegaki.ppls.ed.ac.uk\/mecore\/wp-json\/wp\/v2\/pages\/483\/revisions"}],"predecessor-version":[{"id":886,"href":"https:\/\/wuegaki.ppls.ed.ac.uk\/mecore\/wp-json\/wp\/v2\/pages\/483\/revisions\/886"}],"wp:attachment":[{"href":"https:\/\/wuegaki.ppls.ed.ac.uk\/mecore\/wp-json\/wp\/v2\/media?parent=483"}],"curies":[{"name":"wp","href":"https:\/\/api.w.org\/{rel}","templated":true}]}}