{"id":5,"date":"2021-01-15T01:05:58","date_gmt":"2021-01-15T01:05:58","guid":{"rendered":"https:\/\/wuegaki.ppls.ed.ac.uk\/mecore\/?page_id=5"},"modified":"2022-01-17T08:28:33","modified_gmt":"2022-01-17T08:28:33","slug":"create-your-website-with-blocks","status":"publish","type":"page","link":"https:\/\/wuegaki.ppls.ed.ac.uk\/mecore\/","title":{"rendered":"MECORE"},"content":{"rendered":"\n<h4 class=\"alignwide has-text-align-wide has-extra-large-font-size wp-block-heading\" style=\"line-height:1.1\">MECORE: A cross-linguistic investigation of meaning-driven combinatorial restrictions in clausal embedding<\/h4>\n\n\n\n<div class=\"wp-block-media-text alignwide is-stacked-on-mobile is-style-default\" style=\"grid-template-columns:49% auto\"><figure class=\"wp-block-media-text__media\"><img loading=\"lazy\" decoding=\"async\" width=\"552\" height=\"450\" src=\"https:\/\/wuegaki.ppls.ed.ac.uk\/mecore\/wp-content\/uploads\/2021\/01\/5341102765_8980065f79_c-4-e1629754881183.jpg\" alt=\"\" class=\"wp-image-34 size-full\" srcset=\"https:\/\/wuegaki.ppls.ed.ac.uk\/mecore\/wp-content\/uploads\/2021\/01\/5341102765_8980065f79_c-4-e1629754881183.jpg 552w, https:\/\/wuegaki.ppls.ed.ac.uk\/mecore\/wp-content\/uploads\/2021\/01\/5341102765_8980065f79_c-4-e1629754881183-300x245.jpg 300w\" sizes=\"auto, (max-width: 552px) 100vw, 552px\" \/><\/figure><div class=\"wp-block-media-text__content\">\n<p class=\"has-large-font-size\"><meta charset=\"utf-8\"><strong>MECORE<\/strong> is a research project on formal semantics, jointly funded by the Arts and Humanities Research Council (AHRC) and the Deutsche Forschungsgemeinschaft (DFG).&nbsp;<\/p>\n\n\n\n<p><meta charset=\"utf-8\">The project will pursue an integrated approach to investigate the relation and interaction between semantic properties of clause-embedding predicates and their selectional properties, by combining cross-linguistic data-collection and experimental semantics with the development of unified theoretical analyses. Please see <a href=\"https:\/\/wuegaki.ppls.ed.ac.uk\/mecore\/about\/\" data-type=\"URL\" data-id=\"https:\/\/wuegaki.ppls.ed.ac.uk\/mecore\/about\/\">About<\/a> for details of the project.&nbsp;<\/p>\n\n\n\n<p>The project is being run concurrently in Edinburgh (<a rel=\"noreferrer noopener\" href=\"http:\/\/www.wataruuegaki.com\/\" data-type=\"URL\" data-id=\"http:\/\/www.wataruuegaki.com\/\" target=\"_blank\">Wataru Uegaki<\/a> + <a href=\"https:\/\/sites.google.com\/site\/qciyang\/\" data-type=\"URL\" data-id=\"https:\/\/sites.google.com\/site\/qciyang\/\">Ciyang Qing<\/a>), Konstanz (<a rel=\"noreferrer noopener\" href=\"https:\/\/ling.sprachwiss.uni-konstanz.de\/pages\/home\/romero\/\" data-type=\"URL\" data-id=\"https:\/\/ling.sprachwiss.uni-konstanz.de\/pages\/home\/romero\/\" target=\"_blank\">Maribel Romero<\/a> + <a href=\"http:\/\/deniz.fr\/\" data-type=\"URL\" data-id=\"http:\/\/deniz.fr\/\">Deniz \u00d6zy\u0131ld\u0131z<\/a>), and Amsterdam (<a rel=\"noreferrer noopener\" href=\"https:\/\/www.florisroelofsen.com\/\" data-type=\"URL\" data-id=\"https:\/\/www.florisroelofsen.com\/\" target=\"_blank\">Floris Roelofsen<\/a>). It has originated from the research collaboration network &#8220;Searching for semantic universals in the modal and attitudinal domains&#8221;, funded by the Dutch Research Council. <\/p>\n\n\n\n<p class=\"has-extra-small-font-size\">(Photo credit \u00a9 <a rel=\"noreferrer noopener\" href=\"https:\/\/www.flickr.com\/photos\/christiantlambert\/5341102765\/in\/photolist-98YxLH-aF5jWT-ykyF2G-i9zhUA-FZ9NWW-RBv1cs-eabcoU-KzizQU-9ujqGU-UjKfV3-u9nzSo-fciMk8-dRhNor-cHqBbW-ukHTpL-SkUVbb-aqGFLk-Me7eHh-LReqMs-TasfTu-nBcFih-QFAZa7-ohasLs-6vFRHj-4r9BAU-VTGuyE-QRmKse-RYgLWt-oiDvvn-5pci5E-dkpGWH-4KpD9c-aU1DjF-u3ufeE-e4AZfn-Fgirh1-9cdEB6-3n6kq-u4F88B-bU4AYi-RWL2v4-GjKqjH-DfGQE-SkUThG-Cbiw2R-7xrCGV-bubi9f-zZhKC-eeiWq9-bbv1Zc\" data-type=\"URL\" data-id=\"https:\/\/www.flickr.com\/photos\/christiantlambert\/5341102765\/in\/photolist-98YxLH-aF5jWT-ykyF2G-i9zhUA-FZ9NWW-RBv1cs-eabcoU-KzizQU-9ujqGU-UjKfV3-u9nzSo-fciMk8-dRhNor-cHqBbW-ukHTpL-SkUVbb-aqGFLk-Me7eHh-LReqMs-TasfTu-nBcFih-QFAZa7-ohasLs-6vFRHj-4r9BAU-VTGuyE-QRmKse-RYgLWt-oiDvvn-5pci5E-dkpGWH-4KpD9c-aU1DjF-u3ufeE-e4AZfn-Fgirh1-9cdEB6-3n6kq-u4F88B-bU4AYi-RWL2v4-GjKqjH-DfGQE-SkUThG-Cbiw2R-7xrCGV-bubi9f-zZhKC-eeiWq9-bbv1Zc\" target=\"_blank\">CL Photographs<\/a>)<\/p>\n<\/div><\/div>\n\n\n\n<div class=\"wp-block-columns is-layout-flex wp-container-core-columns-is-layout-9d6595d7 wp-block-columns-is-layout-flex\">\n<div class=\"wp-block-column is-layout-flow wp-block-column-is-layout-flow\">\n<figure class=\"wp-block-image size-full is-resized\"><img loading=\"lazy\" decoding=\"async\" src=\"https:\/\/wuegaki.ppls.ed.ac.uk\/mecore\/wp-content\/uploads\/2022\/01\/R-1.jpg\" alt=\"\" class=\"wp-image-270\" width=\"314\" height=\"75\" srcset=\"https:\/\/wuegaki.ppls.ed.ac.uk\/mecore\/wp-content\/uploads\/2022\/01\/R-1.jpg 796w, https:\/\/wuegaki.ppls.ed.ac.uk\/mecore\/wp-content\/uploads\/2022\/01\/R-1-300x72.jpg 300w, https:\/\/wuegaki.ppls.ed.ac.uk\/mecore\/wp-content\/uploads\/2022\/01\/R-1-768x184.jpg 768w\" sizes=\"auto, (max-width: 314px) 100vw, 314px\" \/><\/figure>\n<\/div>\n\n\n\n<div class=\"wp-block-column is-layout-flow wp-block-column-is-layout-flow\">\n<figure class=\"wp-block-image size-full is-resized\"><img loading=\"lazy\" decoding=\"async\" src=\"https:\/\/wuegaki.ppls.ed.ac.uk\/mecore\/wp-content\/uploads\/2022\/01\/Screenshot-2021-12-05-at-16.12.01.png\" alt=\"\" class=\"wp-image-268\" width=\"324\" height=\"74\" srcset=\"https:\/\/wuegaki.ppls.ed.ac.uk\/mecore\/wp-content\/uploads\/2022\/01\/Screenshot-2021-12-05-at-16.12.01.png 696w, https:\/\/wuegaki.ppls.ed.ac.uk\/mecore\/wp-content\/uploads\/2022\/01\/Screenshot-2021-12-05-at-16.12.01-300x69.png 300w\" sizes=\"auto, (max-width: 324px) 100vw, 324px\" \/><\/figure>\n<\/div>\n<\/div>\n\n\n\n<p><\/p>\n","protected":false},"excerpt":{"rendered":"<p>MECORE: A cross-linguistic investigation of meaning-driven combinatorial restrictions in clausal embedding MECORE is a research project on formal semantics, jointly funded by the Arts and Humanities Research Council (AHRC) and the Deutsche Forschungsgemeinschaft (DFG).&nbsp; The project will pursue an integrated approach to investigate the relation and interaction between semantic properties of clause-embedding predicates and their&hellip; <a class=\"more-link\" href=\"https:\/\/wuegaki.ppls.ed.ac.uk\/mecore\/\">Continue reading <span class=\"screen-reader-text\">MECORE<\/span><\/a><\/p>\n","protected":false},"author":1,"featured_media":0,"parent":0,"menu_order":0,"comment_status":"closed","ping_status":"closed","template":"","meta":{"footnotes":""},"class_list":["post-5","page","type-page","status-publish","hentry","entry"],"_links":{"self":[{"href":"https:\/\/wuegaki.ppls.ed.ac.uk\/mecore\/wp-json\/wp\/v2\/pages\/5","targetHints":{"allow":["GET"]}}],"collection":[{"href":"https:\/\/wuegaki.ppls.ed.ac.uk\/mecore\/wp-json\/wp\/v2\/pages"}],"about":[{"href":"https:\/\/wuegaki.ppls.ed.ac.uk\/mecore\/wp-json\/wp\/v2\/types\/page"}],"author":[{"embeddable":true,"href":"https:\/\/wuegaki.ppls.ed.ac.uk\/mecore\/wp-json\/wp\/v2\/users\/1"}],"replies":[{"embeddable":true,"href":"https:\/\/wuegaki.ppls.ed.ac.uk\/mecore\/wp-json\/wp\/v2\/comments?post=5"}],"version-history":[{"count":28,"href":"https:\/\/wuegaki.ppls.ed.ac.uk\/mecore\/wp-json\/wp\/v2\/pages\/5\/revisions"}],"predecessor-version":[{"id":275,"href":"https:\/\/wuegaki.ppls.ed.ac.uk\/mecore\/wp-json\/wp\/v2\/pages\/5\/revisions\/275"}],"wp:attachment":[{"href":"https:\/\/wuegaki.ppls.ed.ac.uk\/mecore\/wp-json\/wp\/v2\/media?parent=5"}],"curies":[{"name":"wp","href":"https:\/\/api.w.org\/{rel}","templated":true}]}}